{"id":272,"date":"2026-03-14T09:59:49","date_gmt":"2026-03-14T09:59:49","guid":{"rendered":"https:\/\/www.contapositiva.pt\/?page_id=272"},"modified":"2026-03-14T10:10:09","modified_gmt":"2026-03-14T10:10:09","slug":"solicitadoria","status":"publish","type":"page","link":"https:\/\/www.contapositiva.pt\/?page_id=272","title":{"rendered":"Solicitadoria"},"content":{"rendered":"\n\n\n<h2><strong>\n<\/strong><\/h2>\n<h2><strong>A solicitadoria desempenha um papel essencial no apoio jur\u00eddico e administrativo a cidad\u00e3os e empresas, assegurando maior seguran\u00e7a, rigor e efici\u00eancia na realiza\u00e7\u00e3o de diversos atos legais e documentais.\n<\/strong><\/h2>\n<h2><strong>\nA nossa empresa disponibiliza servi\u00e7os de solicitadoria com profissionalismo, confidencialidade e aten\u00e7\u00e3o ao detalhe, procurando simplificar processos que muitas vezes se tornam complexos ou burocr\u00e1ticos.\n<\/strong><\/h2>\n<h2><strong>\nCom um atendimento de proximidade e orientado para solu\u00e7\u00f5es, garantimos um apoio fi\u00e1vel e qualificado, facilitando a rela\u00e7\u00e3o entre cidad\u00e3os, empresas e entidades p\u00fablicas.<\/strong><\/h2>\n\n\n\n\n\n\n\n\n<p>Lorem Ipsum has been the industry&#8217;s standard dummy text ever since the 1500s.<\/p>\n\n\n","protected":false},"excerpt":{"rendered":"","protected":false},"author":1,"featured_media":0,"parent":0,"menu_order":0,"comment_status":"closed","ping_status":"closed","template":"","meta":{"pagelayer_contact_templates":[],"_pagelayer_content":"","footnotes":""},"class_list":["post-272","page","type-page","status-publish","hentry"],"_links":{"self":[{"href":"https:\/\/www.contapositiva.pt\/index.php?rest_route=\/wp\/v2\/pages\/272","targetHints":{"allow":["GET"]}}],"collection":[{"href":"https:\/\/www.contapositiva.pt\/index.php?rest_route=\/wp\/v2\/pages"}],"about":[{"href":"https:\/\/www.contapositiva.pt\/index.php?rest_route=\/wp\/v2\/types\/page"}],"author":[{"embeddable":true,"href":"https:\/\/www.contapositiva.pt\/index.php?rest_route=\/wp\/v2\/users\/1"}],"replies":[{"embeddable":true,"href":"https:\/\/www.contapositiva.pt\/index.php?rest_route=%2Fwp%2Fv2%2Fcomments&post=272"}],"version-history":[{"count":5,"href":"https:\/\/www.contapositiva.pt\/index.php?rest_route=\/wp\/v2\/pages\/272\/revisions"}],"predecessor-version":[{"id":279,"href":"https:\/\/www.contapositiva.pt\/index.php?rest_route=\/wp\/v2\/pages\/272\/revisions\/279"}],"wp:attachment":[{"href":"https:\/\/www.contapositiva.pt\/index.php?rest_route=%2Fwp%2Fv2%2Fmedia&parent=272"}],"curies":[{"name":"wp","href":"https:\/\/api.w.org\/{rel}","templated":true}]}}