{"id":159,"date":"2026-03-13T11:57:55","date_gmt":"2026-03-13T11:57:55","guid":{"rendered":"https:\/\/www.contapositiva.pt\/?page_id=159"},"modified":"2026-03-14T09:56:03","modified_gmt":"2026-03-14T09:56:03","slug":"espaco-cidadao","status":"publish","type":"page","link":"https:\/\/www.contapositiva.pt\/?page_id=159","title":{"rendered":"Espa\u00e7o Cidad\u00e3o"},"content":{"rendered":"\n\n\n<h2><strong>\nO nosso principal objetivo \u00e9 oferecer um atendimento personalizado, capaz de responder de forma clara, r\u00e1pida e eficaz \u00e0s necessidades de cada cidad\u00e3o e organiza\u00e7\u00e3o.\n<\/strong><\/h2>\n<h2><strong>\nDisponibilizamos um conjunto diversificado de servi\u00e7os \u00fateis para a comunidade, contribuindo para facilitar o acesso a diferentes processos e solu\u00e7\u00f5es do quotidiano.\n<\/strong><\/h2>\n<h2><strong>\nAssumimo-nos como uma alternativa complementar que ajuda a reduzir a sobrecarga em determinados setores p\u00fablicos, simplificando e agilizando a realiza\u00e7\u00e3o de v\u00e1rios servi\u00e7os essenciais para a popula\u00e7\u00e3o.\n<\/strong><\/h2>\n<h2><strong>\nDesta forma, aproximamos os servi\u00e7os dos cidad\u00e3os e das empresas, garantindo um acesso mais simples, c\u00f3modo e eficiente, evitando longas filas e desloca\u00e7\u00f5es desnecess\u00e1rias.<\/strong><\/h2>\n\n\n\n\n<p>Lorem Ipsum has been the industry&#8217;s standard dummy text ever since the 1500s.<\/p>\n\n\n","protected":false},"excerpt":{"rendered":"","protected":false},"author":1,"featured_media":0,"parent":0,"menu_order":0,"comment_status":"closed","ping_status":"closed","template":"","meta":{"pagelayer_contact_templates":[],"_pagelayer_content":"","footnotes":""},"class_list":["post-159","page","type-page","status-publish","hentry"],"_links":{"self":[{"href":"https:\/\/www.contapositiva.pt\/index.php?rest_route=\/wp\/v2\/pages\/159","targetHints":{"allow":["GET"]}}],"collection":[{"href":"https:\/\/www.contapositiva.pt\/index.php?rest_route=\/wp\/v2\/pages"}],"about":[{"href":"https:\/\/www.contapositiva.pt\/index.php?rest_route=\/wp\/v2\/types\/page"}],"author":[{"embeddable":true,"href":"https:\/\/www.contapositiva.pt\/index.php?rest_route=\/wp\/v2\/users\/1"}],"replies":[{"embeddable":true,"href":"https:\/\/www.contapositiva.pt\/index.php?rest_route=%2Fwp%2Fv2%2Fcomments&post=159"}],"version-history":[{"count":5,"href":"https:\/\/www.contapositiva.pt\/index.php?rest_route=\/wp\/v2\/pages\/159\/revisions"}],"predecessor-version":[{"id":271,"href":"https:\/\/www.contapositiva.pt\/index.php?rest_route=\/wp\/v2\/pages\/159\/revisions\/271"}],"wp:attachment":[{"href":"https:\/\/www.contapositiva.pt\/index.php?rest_route=%2Fwp%2Fv2%2Fmedia&parent=159"}],"curies":[{"name":"wp","href":"https:\/\/api.w.org\/{rel}","templated":true}]}}