{"id":148,"date":"2026-03-13T11:24:44","date_gmt":"2026-03-13T11:24:44","guid":{"rendered":"https:\/\/www.contapositiva.pt\/?page_id=148"},"modified":"2026-03-18T23:30:20","modified_gmt":"2026-03-18T23:30:20","slug":"sobre-clone","status":"publish","type":"page","link":"https:\/\/www.contapositiva.pt\/?page_id=148","title":{"rendered":"Seguros"},"content":{"rendered":"\n\n\n<h2>\n<\/h2><h2><strong><br><\/strong><\/h2>\n<h2><strong>A vida \u00e9 cheia de planos\u2026 mas tamb\u00e9m de imprevistos.<br>Um seguro n\u00e3o \u00e9 apenas um papel ou uma mensalidade \u2014 \u00e9 prote\u00e7\u00e3o, tranquilidade e cuidado com aquilo que mais importa.<\/strong><\/h2><h2><strong>Quando tudo est\u00e1 bem, parece desnecess\u00e1rio.<br>Mas quando algo acontece, faz toda a diferen\u00e7a.<\/strong><\/h2><h2><strong>Proteger hoje \u00e9 garantir o amanh\u00e3.<br>Porque quem se previne, vive com mais seguran\u00e7a.&nbsp;<\/strong><\/h2>\n\n\n\n<p>Lorem Ipsum has been the industry&#8217;s standard dummy text ever since the 1500s.<\/p>\n\n\n\n\n<h2>Selecione o seguro que pretende simular<\/h2>\n\n\n<br>\n<br>\n\n\n<br>\n<br>\n\n\n<br>\n<br>\n\n\n\n\n\n\n<p style=\"text-align: center;\"><strong>Invista hoje no seu futuro com um PPR<\/strong><\/p>\n<p>\n<\/p>\n<p>A reforma pode parecer distante, mas quanto mais cedo come\u00e7ar a preparar o seu futuro, maior ser\u00e1 a tranquilidade amanh\u00e3. <\/p>\n<p>Um PPR \u2013 Plano Poupan\u00e7a Reforma \u00e9 uma das formas mais inteligentes de criar uma poupan\u00e7a a longo prazo, beneficiando ao mesmo tempo de vantagens fiscais e da possibilidade de ver o seu dinheiro crescer ao longo dos anos.<\/p>\n<p>Ao investir num PPR, est\u00e1 a construir um fundo que poder\u00e1 complementar a sua reforma e ajudar a manter o seu estilo de vida no futuro. Com contribui\u00e7\u00f5es regulares, mesmo que pequenas, \u00e9 poss\u00edvel criar uma base s\u00f3lida para os anos que vir\u00e3o.<\/p>\n<p><strong>Exemplo<\/strong>:<\/p>\n<p>\nSe investir <strong>2.000\u20ac<\/strong> <strong>num PPR<\/strong>, poder\u00e1 beneficiar de uma <strong>dedu\u00e7\u00e3o no IRS at\u00e9 400\u20ac<\/strong>&nbsp;(dependendo da idade e das condi\u00e7\u00f5es fiscais). Ou seja, al\u00e9m de estar a poupar para a sua reforma, ainda poder\u00e1 reduzir o imposto a pagar.\n\nComece hoje a investir no seu futuro. <strong>Proteja a sua reforma, aumente a sua poupan\u00e7a e ganhe mais tranquilidade financeira.<\/strong><\/p>\n<p><strong><\/strong>&nbsp;Fale connosco e descubra qual o PPR mais adequado para si.<\/p>\n<p><br><\/p>\n<p><br><\/p>\n\n\n\n\n\n\n","protected":false},"excerpt":{"rendered":"","protected":false},"author":1,"featured_media":0,"parent":0,"menu_order":0,"comment_status":"closed","ping_status":"closed","template":"","meta":{"pagelayer_contact_templates":[],"_pagelayer_content":"","footnotes":""},"class_list":["post-148","page","type-page","status-publish","hentry"],"_links":{"self":[{"href":"https:\/\/www.contapositiva.pt\/index.php?rest_route=\/wp\/v2\/pages\/148","targetHints":{"allow":["GET"]}}],"collection":[{"href":"https:\/\/www.contapositiva.pt\/index.php?rest_route=\/wp\/v2\/pages"}],"about":[{"href":"https:\/\/www.contapositiva.pt\/index.php?rest_route=\/wp\/v2\/types\/page"}],"author":[{"embeddable":true,"href":"https:\/\/www.contapositiva.pt\/index.php?rest_route=\/wp\/v2\/users\/1"}],"replies":[{"embeddable":true,"href":"https:\/\/www.contapositiva.pt\/index.php?rest_route=%2Fwp%2Fv2%2Fcomments&post=148"}],"version-history":[{"count":12,"href":"https:\/\/www.contapositiva.pt\/index.php?rest_route=\/wp\/v2\/pages\/148\/revisions"}],"predecessor-version":[{"id":365,"href":"https:\/\/www.contapositiva.pt\/index.php?rest_route=\/wp\/v2\/pages\/148\/revisions\/365"}],"wp:attachment":[{"href":"https:\/\/www.contapositiva.pt\/index.php?rest_route=%2Fwp%2Fv2%2Fmedia&parent=148"}],"curies":[{"name":"wp","href":"https:\/\/api.w.org\/{rel}","templated":true}]}}